{"id":16,"date":"2020-04-26T16:51:49","date_gmt":"2020-04-26T14:51:49","guid":{"rendered":"https:\/\/www.xn--logopdie-anne-zipfel-fzb.de\/WP\/impressum\/"},"modified":"2025-09-08T08:38:03","modified_gmt":"2025-09-08T06:38:03","slug":"impressum","status":"publish","type":"page","link":"https:\/\/www.xn--logopdie-anne-zipfel-fzb.de\/?page_id=16","title":{"rendered":"Impressum"},"content":{"rendered":"<p>[et_pb_section fb_built=&#8220;1&#8243; module_class=&#8220;height1&#8243; _builder_version=&#8220;4.16&#8243; custom_margin=&#8220;-3px||||false|false&#8220; custom_margin_tablet=&#8220;&#8220; custom_margin_phone=&#8220;&#8220; custom_margin_last_edited=&#8220;on|desktop&#8220; custom_padding=&#8220;0px||0px||false|false&#8220; box_shadow_style=&#8220;preset3&#8243; box_shadow_color=&#8220;rgba(0,0,0,0.16)&#8220; global_colors_info=&#8220;{}&#8220;][et_pb_row custom_padding_last_edited=&#8220;on|tablet&#8220; _builder_version=&#8220;4.16&#8243; width=&#8220;1352px&#8220; width_tablet=&#8220;&#8220; width_phone=&#8220;&#8220; width_last_edited=&#8220;on|desktop&#8220; max_width=&#8220;100%&#8220; max_width_last_edited=&#8220;off|desktop&#8220; module_alignment=&#8220;center&#8220; custom_margin_tablet=&#8220;-28px||||false|false&#8220; custom_margin_phone=&#8220;-12px||||false|false&#8220; custom_margin_last_edited=&#8220;on|phone&#8220; custom_padding=&#8220;6px||0px||false|false&#8220; custom_padding_tablet=&#8220;0px||0px||false|false&#8220; custom_padding_phone=&#8220;&#8220; global_colors_info=&#8220;{}&#8220;][et_pb_column type=&#8220;4_4&#8243; _builder_version=&#8220;4.16&#8243; global_colors_info=&#8220;{}&#8220;][et_pb_image src=&#8220;https:\/\/www.xn--logopdie-anne-zipfel-fzb.de\/wp-content\/uploads\/2020\/04\/1113.jpg&#8220; title_text=&#8220;1113&#8243; _builder_version=&#8220;4.16&#8243; global_colors_info=&#8220;{}&#8220;][\/et_pb_image][\/et_pb_column][\/et_pb_row][\/et_pb_section][et_pb_section fb_built=&#8220;1&#8243; admin_label=&#8220;Section&#8220; _builder_version=&#8220;4.16&#8243; background_color=&#8220;rgba(147,147,147,0)&#8220; transform_scale_tablet=&#8220;&#8220; transform_scale_phone=&#8220;&#8220; transform_scale_last_edited=&#8220;on|desktop&#8220; transform_translate_tablet=&#8220;0px|-6px&#8220; transform_translate_phone=&#8220;0px|-7px&#8220; transform_translate_last_edited=&#8220;on|tablet&#8220; transform_rotate_tablet=&#8220;&#8220; transform_rotate_phone=&#8220;&#8220; transform_rotate_last_edited=&#8220;on|tablet&#8220; transform_skew_tablet=&#8220;&#8220; transform_skew_phone=&#8220;&#8220; transform_skew_last_edited=&#8220;on|tablet&#8220; transform_origin_tablet=&#8220;&#8220; transform_origin_phone=&#8220;&#8220; transform_origin_last_edited=&#8220;on|tablet&#8220; transform_styles_last_edited=&#8220;on|tablet&#8220; positioning=&#8220;absolute&#8220; z_index=&#8220;80&#8243; vertical_offset_tablet=&#8220;&#8220; vertical_offset_phone=&#8220;&#8220; vertical_offset_last_edited=&#8220;on|tablet&#8220; custom_margin=&#8220;25px||-300px||false|false&#8220; custom_margin_tablet=&#8220;-219px||||false|false&#8220; custom_margin_phone=&#8220;-140px||||false|false&#8220; custom_margin_last_edited=&#8220;on|phone&#8220; custom_padding=&#8220;0px||0px||true|false&#8220; transform_styles_tablet=&#8220;&#8220; transform_styles_phone=&#8220;&#8220; global_colors_info=&#8220;{}&#8220;][et_pb_row _builder_version=&#8220;4.16&#8243; background_color=&#8220;rgba(196,196,196,0)&#8220; custom_padding=&#8220;0px||0px||true|false&#8220; global_colors_info=&#8220;{}&#8220;][et_pb_column type=&#8220;4_4&#8243; _builder_version=&#8220;4.16&#8243; global_colors_info=&#8220;{}&#8220;][\/et_pb_column][\/et_pb_row][et_pb_row _builder_version=&#8220;4.16&#8243; global_colors_info=&#8220;{}&#8220;][et_pb_column type=&#8220;4_4&#8243; _builder_version=&#8220;4.16&#8243; global_colors_info=&#8220;{}&#8220;][et_pb_image src=&#8220;https:\/\/www.xn--logopdie-anne-zipfel-fzb.de\/wp-content\/uploads\/2020\/04\/864.png&#8220; title_text=&#8220;864&#8243; _builder_version=&#8220;4.16&#8243; positioning=&#8220;relative&#8220; position_origin_r=&#8220;top_right&#8220; vertical_offset=&#8220;-45px&#8220; horizontal_offset=&#8220;-870px&#8220; height=&#8220;224px&#8220; animation_style=&#8220;fade&#8220; global_colors_info=&#8220;{}&#8220;][\/et_pb_image][\/et_pb_column][\/et_pb_row][\/et_pb_section][et_pb_section fb_built=&#8220;1&#8243; _builder_version=&#8220;4.16&#8243; background_image=&#8220;https:\/\/www.xn--logopdie-anne-zipfel-fzb.de\/wp-content\/uploads\/2020\/04\/591.png&#8220; background_size=&#8220;initial&#8220; background_position=&#8220;top_center&#8220; custom_margin=&#8220;31px||||false|false&#8220; custom_padding=&#8220;0px||34px|||&#8220; global_colors_info=&#8220;{}&#8220;][et_pb_row _builder_version=&#8220;4.21.0&#8243; background_color=&#8220;#ffffff&#8220; width=&#8220;69%&#8220; custom_margin=&#8220;-71px||||false|false&#8220; custom_padding=&#8220;85px|15px|45px|15px|false|true&#8220; box_shadow_style=&#8220;preset1&#8243; box_shadow_blur=&#8220;10px&#8220; box_shadow_spread=&#8220;4px&#8220; box_shadow_color=&#8220;#adadad&#8220; global_colors_info=&#8220;{}&#8220;][et_pb_column type=&#8220;4_4&#8243; _builder_version=&#8220;4.16&#8243; background_enable_color=&#8220;off&#8220; background_enable_image=&#8220;off&#8220; background_size=&#8220;initial&#8220; background_position=&#8220;bottom_right&#8220; custom_padding=&#8220;||||false|false&#8220; global_colors_info=&#8220;{}&#8220;][et_pb_image title_text=&#8220;erecht24-siegel-impressum-rot&#8220; force_fullwidth=&#8220;on&#8220; _builder_version=&#8220;4.27.4&#8243; custom_padding=&#8220;||0px|||&#8220; hover_enabled=&#8220;0&#8243; global_colors_info=&#8220;{}&#8220; sticky_enabled=&#8220;0&#8243;][\/et_pb_image][et_pb_text admin_label=&#8220;Text&#8220; _builder_version=&#8220;4.27.4&#8243; background_image=&#8220;https:\/\/www.xn--logopdie-anne-zipfel-fzb.de\/wp-content\/uploads\/2020\/04\/1119.png&#8220; background_size=&#8220;initial&#8220; background_position=&#8220;bottom_right&#8220; text_orientation=&#8220;center&#8220; hover_enabled=&#8220;0&#8243; global_colors_info=&#8220;{}&#8220; sticky_enabled=&#8220;0&#8243;]<\/p>\n<h1>Impressum<\/h1>\n<p>Anne Zipfel<br \/>Praxis f\u00fcr Logop\u00e4die Anne Zipfel<br \/>Badergasse 7-9<br \/>04808 Wurzen<\/p>\n<h2>Kontakt<\/h2>\n<p>Telefon: 03425 8539117<br \/>E-Mail: anne.zipfel@gmx.de<\/p>\n<h2>Aufsichtsbeh\u00f6rde<\/h2>\n<p>Kommunaler Sozialverband Sachsen<br \/>Thomasiusstr. 1<br \/>04109 Leipzig<\/p>\n<p><a href=\"https:\/\/www.ksv-sachsen.de\/\" target=\"_blank\" rel=\"noopener noreferrer\">https:\/\/www.ksv-sachsen.de\/<\/a><\/p>\n<h2>Angaben zur Berufs\u00adhaftpflicht\u00adversicherung<\/h2>\n<p><strong>Name und Sitz des Versicherers:<\/strong><br \/>Sparkassenversicherung Sachsen<br \/>Br\u00fcckenstr. 5<br \/>04668 Grimma<\/p>\n<p><strong>Geltungsraum der Versicherung:<\/strong><br \/>Deutschland<\/p>\n<h2>Verbraucher\u00adstreit\u00adbeilegung\/Universal\u00adschlichtungs\u00adstelle<\/h2>\n<p>Wir sind nicht bereit oder verpflichtet, an Streitbeilegungsverfahren vor einer Verbraucherschlichtungsstelle teilzunehmen.<\/p>\n<p>[\/et_pb_text][et_pb_image src=&#8220;https:\/\/www.xn--logopdie-anne-zipfel-fzb.de\/wp-content\/uploads\/2025\/09\/impressum-siegel-light-horizontal-large-1.png&#8220; title_text=&#8220;impressum-siegel-light-horizontal-large&#8220; _builder_version=&#8220;4.27.4&#8243; _module_preset=&#8220;default&#8220; width=&#8220;30%&#8220; module_alignment=&#8220;center&#8220; hover_enabled=&#8220;0&#8243; global_colors_info=&#8220;{}&#8220; sticky_enabled=&#8220;0&#8243;][\/et_pb_image][\/et_pb_column][\/et_pb_row][\/et_pb_section][et_pb_section fb_built=&#8220;1&#8243; _builder_version=&#8220;4.16&#8243; global_colors_info=&#8220;{}&#8220;][\/et_pb_section]<\/p>\n","protected":false},"excerpt":{"rendered":"<p>Impressum Anne ZipfelPraxis f\u00fcr Logop\u00e4die Anne ZipfelBadergasse 7-904808 Wurzen Kontakt Telefon: 03425 8539117E-Mail: anne.zipfel@gmx.de Aufsichtsbeh\u00f6rde Kommunaler Sozialverband SachsenThomasiusstr. 104109 Leipzig https:\/\/www.ksv-sachsen.de\/ Angaben zur Berufs\u00adhaftpflicht\u00adversicherung Name und Sitz des Versicherers:Sparkassenversicherung SachsenBr\u00fcckenstr. 504668 Grimma Geltungsraum der Versicherung:Deutschland Verbraucher\u00adstreit\u00adbeilegung\/Universal\u00adschlichtungs\u00adstelle Wir sind nicht bereit oder verpflichtet, an Streitbeilegungsverfahren vor einer Verbraucherschlichtungsstelle teilzunehmen.<\/p>\n","protected":false},"author":1,"featured_media":0,"parent":0,"menu_order":5,"comment_status":"closed","ping_status":"closed","template":"","meta":{"_et_pb_use_builder":"on","_et_pb_old_content":"","_et_gb_content_width":"","footnotes":""},"class_list":["post-16","page","type-page","status-publish","hentry"],"_links":{"self":[{"href":"https:\/\/www.xn--logopdie-anne-zipfel-fzb.de\/index.php?rest_route=\/wp\/v2\/pages\/16","targetHints":{"allow":["GET"]}}],"collection":[{"href":"https:\/\/www.xn--logopdie-anne-zipfel-fzb.de\/index.php?rest_route=\/wp\/v2\/pages"}],"about":[{"href":"https:\/\/www.xn--logopdie-anne-zipfel-fzb.de\/index.php?rest_route=\/wp\/v2\/types\/page"}],"author":[{"embeddable":true,"href":"https:\/\/www.xn--logopdie-anne-zipfel-fzb.de\/index.php?rest_route=\/wp\/v2\/users\/1"}],"replies":[{"embeddable":true,"href":"https:\/\/www.xn--logopdie-anne-zipfel-fzb.de\/index.php?rest_route=%2Fwp%2Fv2%2Fcomments&post=16"}],"version-history":[{"count":21,"href":"https:\/\/www.xn--logopdie-anne-zipfel-fzb.de\/index.php?rest_route=\/wp\/v2\/pages\/16\/revisions"}],"predecessor-version":[{"id":812,"href":"https:\/\/www.xn--logopdie-anne-zipfel-fzb.de\/index.php?rest_route=\/wp\/v2\/pages\/16\/revisions\/812"}],"wp:attachment":[{"href":"https:\/\/www.xn--logopdie-anne-zipfel-fzb.de\/index.php?rest_route=%2Fwp%2Fv2%2Fmedia&parent=16"}],"curies":[{"name":"wp","href":"https:\/\/api.w.org\/{rel}","templated":true}]}}