{"id":13,"date":"2020-04-26T16:51:49","date_gmt":"2020-04-26T14:51:49","guid":{"rendered":"https:\/\/www.xn--logopdie-anne-zipfel-fzb.de\/WP\/unser-team\/"},"modified":"2025-09-09T14:38:43","modified_gmt":"2025-09-09T12:38:43","slug":"unser-team","status":"publish","type":"page","link":"https:\/\/www.xn--logopdie-anne-zipfel-fzb.de\/?page_id=13","title":{"rendered":"Unser Team"},"content":{"rendered":"<p>[et_pb_section fb_built=&#8220;1&#8243; module_class=&#8220;height1&#8243; _builder_version=&#8220;4.16&#8243; custom_margin=&#8220;-3px||||false|false&#8220; custom_margin_tablet=&#8220;&#8220; custom_margin_phone=&#8220;&#8220; custom_margin_last_edited=&#8220;on|desktop&#8220; custom_padding=&#8220;0px||0px||false|false&#8220; box_shadow_style=&#8220;preset3&#8243; box_shadow_color=&#8220;rgba(0,0,0,0.16)&#8220; global_colors_info=&#8220;{}&#8220;][et_pb_row custom_padding_last_edited=&#8220;on|tablet&#8220; _builder_version=&#8220;4.16&#8243; width=&#8220;1352px&#8220; width_tablet=&#8220;&#8220; width_phone=&#8220;&#8220; width_last_edited=&#8220;on|desktop&#8220; max_width=&#8220;100%&#8220; max_width_last_edited=&#8220;off|desktop&#8220; module_alignment=&#8220;center&#8220; custom_margin_tablet=&#8220;-28px||||false|false&#8220; custom_margin_phone=&#8220;-12px||||false|false&#8220; custom_margin_last_edited=&#8220;on|phone&#8220; custom_padding=&#8220;6px||0px||false|false&#8220; custom_padding_tablet=&#8220;0px||0px||false|false&#8220; custom_padding_phone=&#8220;&#8220; global_colors_info=&#8220;{}&#8220;][et_pb_column type=&#8220;4_4&#8243; _builder_version=&#8220;4.16&#8243; global_colors_info=&#8220;{}&#8220;][et_pb_image src=&#8220;https:\/\/www.xn--logopdie-anne-zipfel-fzb.de\/wp-content\/uploads\/2025\/09\/Kontakt-neues-Gruppenbild_edited-e1757419473738.jpg&#8220; title_text=&#8220;Kontakt neues Gruppenbild_edited&#8220; _builder_version=&#8220;4.27.4&#8243; positioning=&#8220;relative&#8220; position_origin_r=&#8220;bottom_left&#8220; vertical_offset=&#8220;0px&#8220; z_index=&#8220;0&#8243; min_height=&#8220;553px&#8220; height=&#8220;755px&#8220; max_height=&#8220;1000px&#8220; hover_enabled=&#8220;0&#8243; global_colors_info=&#8220;{}&#8220; sticky_enabled=&#8220;0&#8243;][\/et_pb_image][\/et_pb_column][\/et_pb_row][\/et_pb_section][et_pb_section fb_built=&#8220;1&#8243; _builder_version=&#8220;4.16&#8243; background_color=&#8220;rgba(0,0,0,0)&#8220; transform_scale_tablet=&#8220;&#8220; transform_scale_phone=&#8220;&#8220; transform_scale_last_edited=&#8220;on|phone&#8220; transform_translate=&#8220;0px|339px&#8220; transform_translate_tablet=&#8220;0px|152px&#8220; transform_translate_phone=&#8220;0px|50px&#8220; transform_translate_last_edited=&#8220;on|phone&#8220; transform_translate_linked=&#8220;off&#8220; transform_translate_linked_tablet=&#8220;off&#8220; transform_rotate_tablet=&#8220;&#8220; transform_rotate_phone=&#8220;&#8220; transform_rotate_last_edited=&#8220;on|tablet&#8220; transform_skew_tablet=&#8220;&#8220; transform_skew_phone=&#8220;&#8220; transform_skew_last_edited=&#8220;on|tablet&#8220; transform_origin_tablet=&#8220;&#8220; transform_origin_phone=&#8220;&#8220; transform_origin_last_edited=&#8220;on|tablet&#8220; transform_styles_last_edited=&#8220;on|phone&#8220; positioning=&#8220;absolute&#8220; z_index=&#8220;500&#8243; custom_margin_tablet=&#8220;-97px||||false|false&#8220; custom_margin_phone=&#8220;-202px||||false|false&#8220; custom_margin_last_edited=&#8220;on|phone&#8220; custom_padding=&#8220;0px||0px||true|false&#8220; transform_styles_tablet=&#8220;&#8220; transform_styles_phone=&#8220;&#8220; z_index_tablet=&#8220;61&#8243; z_index_last_edited=&#8220;off|desktop&#8220; global_colors_info=&#8220;{}&#8220;][et_pb_row _builder_version=&#8220;4.16&#8243; custom_padding=&#8220;0px||0px||true|false&#8220; global_colors_info=&#8220;{}&#8220;][et_pb_column type=&#8220;4_4&#8243; _builder_version=&#8220;4.16&#8243; animation_style=&#8220;fade&#8220; global_colors_info=&#8220;{}&#8220;][et_pb_image src=&#8220;https:\/\/www.xn--logopdie-anne-zipfel-fzb.de\/wp-content\/uploads\/2020\/04\/864.png&#8220; title_text=&#8220;864&#8243; align=&#8220;right&#8220; _builder_version=&#8220;4.16&#8243; transform_scale=&#8220;105%|105%&#8220; positioning=&#8220;relative&#8220; position_origin_r=&#8220;top_right&#8220; vertical_offset=&#8220;-327px&#8220; horizontal_offset=&#8220;-139px&#8220; width=&#8220;26%&#8220; max_width=&#8220;100%&#8220; module_alignment=&#8220;right&#8220; min_height=&#8220;100px&#8220; height=&#8220;229px&#8220; max_height=&#8220;1000px&#8220; global_colors_info=&#8220;{}&#8220;][\/et_pb_image][\/et_pb_column][\/et_pb_row][\/et_pb_section][et_pb_section fb_built=&#8220;1&#8243; _builder_version=&#8220;4.16&#8243; background_image=&#8220;https:\/\/www.xn--logopdie-anne-zipfel-fzb.de\/wp-content\/uploads\/2020\/04\/591.png&#8220; background_size=&#8220;initial&#8220; background_position=&#8220;top_center&#8220; custom_margin=&#8220;23px||||false|false&#8220; custom_padding=&#8220;0px||0px|||&#8220; global_colors_info=&#8220;{}&#8220;][et_pb_row _builder_version=&#8220;4.16&#8243; custom_padding=&#8220;0px||5px||false|false&#8220; global_colors_info=&#8220;{}&#8220;][et_pb_column type=&#8220;4_4&#8243; _builder_version=&#8220;4.16&#8243; global_colors_info=&#8220;{}&#8220;][et_pb_image src=&#8220;https:\/\/www.xn--logopdie-anne-zipfel-fzb.de\/wp-content\/uploads\/2022\/06\/team.png&#8220; title_text=&#8220;team&#8220; force_fullwidth=&#8220;on&#8220; _builder_version=&#8220;4.16&#8243; custom_padding=&#8220;||0px|||&#8220; global_colors_info=&#8220;{}&#8220;][\/et_pb_image][\/et_pb_column][\/et_pb_row][et_pb_row column_structure=&#8220;1_4,1_4,1_4,1_4&#8243; use_custom_gutter=&#8220;on&#8220; make_equal=&#8220;on&#8220; _builder_version=&#8220;4.16&#8243; custom_padding=&#8220;30px|||||&#8220; global_colors_info=&#8220;{}&#8220;][et_pb_column type=&#8220;1_4&#8243; _builder_version=&#8220;4.16&#8243; use_background_color_gradient=&#8220;on&#8220; background_color_gradient_direction=&#8220;109deg&#8220; background_color_gradient_stops=&#8220;#F7F9EF 0%|#dee9c0 100%&#8220; background_color_gradient_start=&#8220;#F7F9EF&#8220; background_color_gradient_end=&#8220;#dee9c0&#8243; custom_padding_tablet=&#8220;|85px||85px|false|true&#8220; custom_padding_phone=&#8220;|126px|15px|126px|false|true&#8220; custom_padding_last_edited=&#8220;off|desktop&#8220; custom_css_main_element=&#8220;margin-right: 0px !important;&#8220; box_shadow_style=&#8220;preset1&#8243; box_shadow_blur=&#8220;11px&#8220; box_shadow_spread=&#8220;1px&#8220; box_shadow_color=&#8220;#656e33&#8243; global_colors_info=&#8220;{}&#8220; custom_css_main_element_last_edited=&#8220;on|phone&#8220; custom_css_main_element_phone=&#8220;margin-bottom:0px !important;&#8220; custom_css_main_element_tablet=&#8220;margin-right: 0px !important;&#8220;][et_pb_image src=&#8220;https:\/\/www.xn--logopdie-anne-zipfel-fzb.de\/wp-content\/uploads\/2025\/09\/Anne-Zipfel-Logopaedin_edited.jpg&#8220; title_text=&#8220;Anne Zipfel Logopa\u0308din_edited&#8220; force_fullwidth=&#8220;on&#8220; _builder_version=&#8220;4.27.4&#8243; custom_margin=&#8220;|-1px||||&#8220; hover_enabled=&#8220;0&#8243; global_colors_info=&#8220;{}&#8220; sticky_enabled=&#8220;0&#8243;][\/et_pb_image][\/et_pb_column][et_pb_column type=&#8220;1_4&#8243; _builder_version=&#8220;4.16&#8243; use_background_color_gradient=&#8220;on&#8220; background_color_gradient_direction=&#8220;109deg&#8220; background_color_gradient_stops=&#8220;#F7F9EF 0%|#dee9c0 100%&#8220; background_color_gradient_start=&#8220;#F7F9EF&#8220; background_color_gradient_end=&#8220;#dee9c0&#8243; custom_padding=&#8220;50px|45px||45px|false|true&#8220; custom_padding_tablet=&#8220;|85px||85px|false|true&#8220; custom_padding_phone=&#8220;25px|15px|25px|15px|true|true&#8220; custom_padding_last_edited=&#8220;on|phone&#8220; custom_css_main_element=&#8220;margin-top:0px !important;||&#8220; box_shadow_style=&#8220;preset1&#8243; box_shadow_blur=&#8220;11px&#8220; box_shadow_spread=&#8220;1px&#8220; box_shadow_color=&#8220;#656e33&#8243; global_colors_info=&#8220;{}&#8220; custom_css_main_element_last_edited=&#8220;on|desktop&#8220; custom_css_main_element_phone=&#8220;margin-top:0px !important;&#8220; custom_css_main_element_tablet=&#8220;margin-top:0px !important;||&#8220;][et_pb_image src=&#8220;https:\/\/www.xn--logopdie-anne-zipfel-fzb.de\/wp-content\/uploads\/2020\/04\/1036.png&#8220; title_text=&#8220;1036&#8243; align=&#8220;center&#8220; src_tablet=&#8220;&#8220; src_phone=&#8220;&#8220; src_last_edited=&#8220;on|desktop&#8220; align_tablet=&#8220;&#8220; align_phone=&#8220;left&#8220; align_last_edited=&#8220;on|phone&#8220; _builder_version=&#8220;4.16&#8243; global_colors_info=&#8220;{}&#8220;][\/et_pb_image][et_pb_text _builder_version=&#8220;4.16&#8243; text_text_color=&#8220;#656e33&#8243; header_2_text_color=&#8220;#656e33&#8243; header_2_font_size=&#8220;20px&#8220; global_colors_info=&#8220;{}&#8220;]<\/p>\n<h2>Anne Zipfel<\/h2>\n<p>Logop\u00e4din<br \/>\nPraxisinhaberin[\/et_pb_text][\/et_pb_column][et_pb_column type=&#8220;1_4&#8243; _builder_version=&#8220;4.16&#8243; use_background_color_gradient=&#8220;on&#8220; background_color_gradient_direction=&#8220;109deg&#8220; background_color_gradient_stops=&#8220;#F7F9EF 0%|#dee9c0 100%&#8220; background_color_gradient_start=&#8220;#F7F9EF&#8220; background_color_gradient_end=&#8220;#dee9c0&#8243; custom_css_main_element=&#8220;margin-right: 0px !important;&#8220; box_shadow_style=&#8220;preset1&#8243; box_shadow_blur=&#8220;11px&#8220; box_shadow_spread=&#8220;1px&#8220; box_shadow_color=&#8220;#656e33&#8243; global_colors_info=&#8220;{}&#8220; custom_css_main_element_phone=&#8220;margin-bottom:0px !important;&#8220; custom_css_main_element_last_edited=&#8220;on|phone&#8220; custom_css_main_element_tablet=&#8220;margin-right: 0px !important;&#8220;][et_pb_image src=&#8220;https:\/\/www.xn--logopdie-anne-zipfel-fzb.de\/wp-content\/uploads\/2025\/09\/Nancy-Katzsche-Logopaedin_edited.jpg&#8220; title_text=&#8220;Nancy Katzsche Logopa\u0308din_edited&#8220; force_fullwidth=&#8220;on&#8220; _builder_version=&#8220;4.27.4&#8243; hover_enabled=&#8220;0&#8243; global_colors_info=&#8220;{}&#8220; sticky_enabled=&#8220;0&#8243;][\/et_pb_image][\/et_pb_column][et_pb_column type=&#8220;1_4&#8243; _builder_version=&#8220;4.16&#8243; use_background_color_gradient=&#8220;on&#8220; background_color_gradient_direction=&#8220;109deg&#8220; background_color_gradient_stops=&#8220;#F7F9EF 0%|#dee9c0 100%&#8220; background_color_gradient_start=&#8220;#F7F9EF&#8220; background_color_gradient_end=&#8220;#dee9c0&#8243; transform_scale_tablet=&#8220;&#8220; transform_scale_phone=&#8220;&#8220; transform_scale_last_edited=&#8220;on|phone&#8220; transform_translate_tablet=&#8220;&#8220; transform_translate_phone=&#8220;&#8220; transform_translate_last_edited=&#8220;on|tablet&#8220; transform_rotate_tablet=&#8220;&#8220; transform_rotate_phone=&#8220;&#8220; transform_rotate_last_edited=&#8220;on|tablet&#8220; transform_skew_tablet=&#8220;&#8220; transform_skew_phone=&#8220;&#8220; transform_skew_last_edited=&#8220;on|tablet&#8220; transform_origin_tablet=&#8220;&#8220; transform_origin_phone=&#8220;&#8220; transform_origin_last_edited=&#8220;on|tablet&#8220; transform_styles_last_edited=&#8220;on|phone&#8220; custom_padding=&#8220;50px|25px||25px|false|true&#8220; custom_padding_tablet=&#8220;41px|40px||40px|false|true&#8220; custom_padding_phone=&#8220;25px|15px|25px|15px|true|true&#8220; custom_padding_last_edited=&#8220;on|phone&#8220; transform_styles_tablet=&#8220;&#8220; transform_styles_phone=&#8220;&#8220; custom_css_main_element=&#8220;margin-top:0px !important;||&#8220; box_shadow_style=&#8220;preset1&#8243; box_shadow_blur=&#8220;11px&#8220; box_shadow_spread=&#8220;1px&#8220; box_shadow_color=&#8220;#656e33&#8243; global_colors_info=&#8220;{}&#8220; custom_css_main_element_phone=&#8220;margin-top:0px !important;&#8220; custom_css_main_element_last_edited=&#8220;on|desktop&#8220; custom_css_main_element_tablet=&#8220;margin-top:0px !important;||&#8220;][et_pb_image src=&#8220;https:\/\/www.xn--logopdie-anne-zipfel-fzb.de\/wp-content\/uploads\/2020\/04\/1036.png&#8220; title_text=&#8220;1036&#8243; align=&#8220;center&#8220; align_tablet=&#8220;center&#8220; align_phone=&#8220;left&#8220; align_last_edited=&#8220;on|phone&#8220; _builder_version=&#8220;4.16&#8243; global_colors_info=&#8220;{}&#8220;][\/et_pb_image][et_pb_text _builder_version=&#8220;4.16&#8243; text_text_color=&#8220;#656e33&#8243; header_2_text_align=&#8220;left&#8220; header_2_text_color=&#8220;#656e33&#8243; header_2_font_size=&#8220;20px&#8220; width=&#8220;100%&#8220; width_tablet=&#8220;100%&#8220; width_phone=&#8220;100%&#8220; width_last_edited=&#8220;on|desktop&#8220; module_alignment=&#8220;center&#8220; header_2_text_align_tablet=&#8220;&#8220; header_2_text_align_phone=&#8220;&#8220; header_2_text_align_last_edited=&#8220;on|tablet&#8220; global_colors_info=&#8220;{}&#8220;]<\/p>\n<h2>Nancy Katzsche<\/h2>\n<p>Logop\u00e4din[\/et_pb_text][\/et_pb_column][\/et_pb_row][et_pb_row column_structure=&#8220;1_4,1_4,1_4,1_4&#8243; use_custom_gutter=&#8220;on&#8220; make_equal=&#8220;on&#8220; _builder_version=&#8220;4.16&#8243; custom_padding=&#8220;30px|||||&#8220; global_colors_info=&#8220;{}&#8220;][et_pb_column type=&#8220;1_4&#8243; _builder_version=&#8220;4.16&#8243; use_background_color_gradient=&#8220;on&#8220; background_color_gradient_direction=&#8220;109deg&#8220; background_color_gradient_stops=&#8220;#F7F9EF 0%|#dee9c0 100%&#8220; background_color_gradient_start=&#8220;#F7F9EF&#8220; background_color_gradient_end=&#8220;#dee9c0&#8243; custom_padding_tablet=&#8220;|85px||85px|false|true&#8220; custom_padding_phone=&#8220;|126px|15px|126px|false|true&#8220; custom_padding_last_edited=&#8220;off|desktop&#8220; custom_css_main_element=&#8220;margin-right: 0px !important;&#8220; box_shadow_style=&#8220;preset1&#8243; box_shadow_blur=&#8220;11px&#8220; box_shadow_spread=&#8220;1px&#8220; box_shadow_color=&#8220;#656e33&#8243; global_colors_info=&#8220;{}&#8220; custom_css_main_element_last_edited=&#8220;on|phone&#8220; custom_css_main_element_phone=&#8220;margin-bottom:0px !important;&#8220; custom_css_main_element_tablet=&#8220;margin-right: 0px !important;&#8220;][et_pb_image src=&#8220;https:\/\/www.xn--logopdie-anne-zipfel-fzb.de\/wp-content\/uploads\/2025\/09\/Manja-Mundry-Logopaedin_edited.jpg&#8220; title_text=&#8220;Manja Mundry Logopa\u0308din_edited&#8220; force_fullwidth=&#8220;on&#8220; _builder_version=&#8220;4.27.4&#8243; custom_margin=&#8220;|-1px||||&#8220; global_colors_info=&#8220;{}&#8220;][\/et_pb_image][\/et_pb_column][et_pb_column type=&#8220;1_4&#8243; _builder_version=&#8220;4.16&#8243; use_background_color_gradient=&#8220;on&#8220; background_color_gradient_direction=&#8220;109deg&#8220; background_color_gradient_stops=&#8220;#F7F9EF 0%|#dee9c0 100%&#8220; background_color_gradient_start=&#8220;#F7F9EF&#8220; background_color_gradient_end=&#8220;#dee9c0&#8243; custom_padding=&#8220;50px|45px||45px|false|true&#8220; custom_padding_tablet=&#8220;|85px||85px|false|true&#8220; custom_padding_phone=&#8220;25px|15px|25px|15px|true|true&#8220; custom_padding_last_edited=&#8220;on|phone&#8220; custom_css_main_element=&#8220;margin-top:0px !important;||&#8220; box_shadow_style=&#8220;preset1&#8243; box_shadow_blur=&#8220;11px&#8220; box_shadow_spread=&#8220;1px&#8220; box_shadow_color=&#8220;#656e33&#8243; global_colors_info=&#8220;{}&#8220; custom_css_main_element_last_edited=&#8220;on|desktop&#8220; custom_css_main_element_phone=&#8220;margin-top:0px !important;&#8220; custom_css_main_element_tablet=&#8220;margin-top:0px !important;||&#8220;][et_pb_image src=&#8220;https:\/\/www.xn--logopdie-anne-zipfel-fzb.de\/wp-content\/uploads\/2020\/04\/1036.png&#8220; title_text=&#8220;1036&#8243; align=&#8220;center&#8220; src_tablet=&#8220;&#8220; src_phone=&#8220;&#8220; src_last_edited=&#8220;on|desktop&#8220; align_tablet=&#8220;&#8220; align_phone=&#8220;left&#8220; align_last_edited=&#8220;on|phone&#8220; _builder_version=&#8220;4.16&#8243; global_colors_info=&#8220;{}&#8220;][\/et_pb_image][et_pb_text _builder_version=&#8220;4.16&#8243; text_text_color=&#8220;#656e33&#8243; header_2_text_color=&#8220;#656e33&#8243; header_2_font_size=&#8220;20px&#8220; custom_margin=&#8220;|-47px||||&#8220; global_colors_info=&#8220;{}&#8220;]<\/p>\n<h2>Manja Mundry<\/h2>\n<p>Logop\u00e4din<\/p>\n<p>[\/et_pb_text][\/et_pb_column][et_pb_column type=&#8220;1_4&#8243; _builder_version=&#8220;4.16&#8243; use_background_color_gradient=&#8220;on&#8220; background_color_gradient_direction=&#8220;109deg&#8220; background_color_gradient_stops=&#8220;#F7F9EF 0%|#dee9c0 100%&#8220; background_color_gradient_start=&#8220;#F7F9EF&#8220; background_color_gradient_end=&#8220;#dee9c0&#8243; custom_css_main_element=&#8220;margin-right: 0px !important;&#8220; box_shadow_style=&#8220;preset1&#8243; box_shadow_blur=&#8220;11px&#8220; box_shadow_spread=&#8220;1px&#8220; box_shadow_color=&#8220;#656e33&#8243; global_colors_info=&#8220;{}&#8220; custom_css_main_element_phone=&#8220;margin-bottom:0px !important;&#8220; custom_css_main_element_last_edited=&#8220;on|phone&#8220; custom_css_main_element_tablet=&#8220;margin-right: 0px !important;&#8220;][et_pb_image src=&#8220;https:\/\/www.xn--logopdie-anne-zipfel-fzb.de\/wp-content\/uploads\/2025\/09\/Luise-Mundry-Logopaedin_edited.jpg&#8220; title_text=&#8220;Luise Mundry Logopa\u0308din_edited&#8220; force_fullwidth=&#8220;on&#8220; _builder_version=&#8220;4.27.4&#8243; hover_enabled=&#8220;0&#8243; global_colors_info=&#8220;{}&#8220; sticky_enabled=&#8220;0&#8243;][\/et_pb_image][\/et_pb_column][et_pb_column type=&#8220;1_4&#8243; _builder_version=&#8220;4.16&#8243; use_background_color_gradient=&#8220;on&#8220; background_color_gradient_direction=&#8220;109deg&#8220; background_color_gradient_stops=&#8220;#F7F9EF 0%|#dee9c0 100%&#8220; background_color_gradient_start=&#8220;#F7F9EF&#8220; background_color_gradient_end=&#8220;#dee9c0&#8243; transform_scale_tablet=&#8220;&#8220; transform_scale_phone=&#8220;&#8220; transform_scale_last_edited=&#8220;on|phone&#8220; transform_translate_tablet=&#8220;&#8220; transform_translate_phone=&#8220;&#8220; transform_translate_last_edited=&#8220;on|tablet&#8220; transform_rotate_tablet=&#8220;&#8220; transform_rotate_phone=&#8220;&#8220; transform_rotate_last_edited=&#8220;on|tablet&#8220; transform_skew_tablet=&#8220;&#8220; transform_skew_phone=&#8220;&#8220; transform_skew_last_edited=&#8220;on|tablet&#8220; transform_origin_tablet=&#8220;&#8220; transform_origin_phone=&#8220;&#8220; transform_origin_last_edited=&#8220;on|tablet&#8220; transform_styles_last_edited=&#8220;on|phone&#8220; custom_padding=&#8220;50px|25px||25px|false|true&#8220; custom_padding_tablet=&#8220;41px|40px||40px|false|true&#8220; custom_padding_phone=&#8220;25px|15px|25px|15px|true|true&#8220; custom_padding_last_edited=&#8220;on|phone&#8220; transform_styles_tablet=&#8220;&#8220; transform_styles_phone=&#8220;&#8220; custom_css_main_element=&#8220;margin-top:0px !important;||&#8220; box_shadow_style=&#8220;preset1&#8243; box_shadow_blur=&#8220;11px&#8220; box_shadow_spread=&#8220;1px&#8220; box_shadow_color=&#8220;#656e33&#8243; global_colors_info=&#8220;{}&#8220; custom_css_main_element_phone=&#8220;margin-top:0px !important;&#8220; custom_css_main_element_last_edited=&#8220;on|desktop&#8220; custom_css_main_element_tablet=&#8220;margin-top:0px !important;||&#8220;][et_pb_image src=&#8220;https:\/\/www.xn--logopdie-anne-zipfel-fzb.de\/wp-content\/uploads\/2020\/04\/1036.png&#8220; title_text=&#8220;1036&#8243; align=&#8220;center&#8220; align_tablet=&#8220;center&#8220; align_phone=&#8220;left&#8220; align_last_edited=&#8220;on|phone&#8220; _builder_version=&#8220;4.16&#8243; global_colors_info=&#8220;{}&#8220;][\/et_pb_image][et_pb_text _builder_version=&#8220;4.16&#8243; text_text_color=&#8220;#656e33&#8243; header_2_text_align=&#8220;left&#8220; header_2_text_color=&#8220;#656e33&#8243; header_2_font_size=&#8220;20px&#8220; width=&#8220;100%&#8220; width_tablet=&#8220;100%&#8220; width_phone=&#8220;100%&#8220; width_last_edited=&#8220;on|desktop&#8220; module_alignment=&#8220;center&#8220; header_2_text_align_tablet=&#8220;&#8220; header_2_text_align_phone=&#8220;&#8220; header_2_text_align_last_edited=&#8220;on|tablet&#8220; global_colors_info=&#8220;{}&#8220;]<\/p>\n<h2>Luise Mundry<\/h2>\n<p>Logop\u00e4din<\/p>\n<p>[\/et_pb_text][\/et_pb_column][\/et_pb_row][et_pb_row use_custom_gutter=&#8220;on&#8220; make_equal=&#8220;on&#8220; _builder_version=&#8220;4.16&#8243; custom_padding=&#8220;6px|||||&#8220; global_colors_info=&#8220;{}&#8220;][et_pb_column type=&#8220;4_4&#8243; _builder_version=&#8220;4.16&#8243; background_color_gradient_direction=&#8220;109deg&#8220; custom_css_main_element=&#8220;margin-right: 0px !important;&#8220; global_colors_info=&#8220;{}&#8220; custom_css_main_element_phone=&#8220;margin-bottom:0px !important;&#8220; custom_css_main_element_last_edited=&#8220;on|phone&#8220; custom_css_main_element_tablet=&#8220;margin-right: 0px !important;&#8220;][et_pb_image src=&#8220;https:\/\/www.xn--logopdie-anne-zipfel-fzb.de\/wp-content\/uploads\/2020\/04\/Praxis-f\u00fcr-Logop\u00e4die-Anne-Zipfel-04808-Wurzen_Team-e1588013557206.png&#8220; title_text=&#8220;Praxis f\u00fcr Logop\u00e4die Anne Zipfel &#8211; 04808 Wurzen_Team&#8220; align_tablet=&#8220;center&#8220; align_phone=&#8220;&#8220; align_last_edited=&#8220;on|phone&#8220; _builder_version=&#8220;4.16&#8243; width=&#8220;94%&#8220; width_tablet=&#8220;100%&#8220; width_phone=&#8220;&#8220; width_last_edited=&#8220;on|phone&#8220; box_shadow_style=&#8220;preset1&#8243; box_shadow_blur=&#8220;14px&#8220; box_shadow_spread=&#8220;1px&#8220; box_shadow_color=&#8220;#656e33&#8243; global_colors_info=&#8220;{}&#8220;][\/et_pb_image][\/et_pb_column][\/et_pb_row][\/et_pb_section][et_pb_section fb_built=&#8220;1&#8243; _builder_version=&#8220;4.16&#8243; global_colors_info=&#8220;{}&#8220;][et_pb_row _builder_version=&#8220;4.16&#8243; global_colors_info=&#8220;{}&#8220;][et_pb_column type=&#8220;4_4&#8243; _builder_version=&#8220;4.16&#8243; global_colors_info=&#8220;{}&#8220;][\/et_pb_column][\/et_pb_row][\/et_pb_section][et_pb_section fb_built=&#8220;1&#8243; _builder_version=&#8220;4.16&#8243; global_colors_info=&#8220;{}&#8220;][\/et_pb_section]<\/p>\n","protected":false},"excerpt":{"rendered":"<p>Anne ZipfelLogop\u00e4din PraxisinhaberinNancy Katzsche Logop\u00e4dinManja Mundry Logop\u00e4dinLuise Mundry Logop\u00e4din<\/p>\n","protected":false},"author":1,"featured_media":0,"parent":0,"menu_order":2,"comment_status":"closed","ping_status":"closed","template":"","meta":{"_et_pb_use_builder":"on","_et_pb_old_content":"","_et_gb_content_width":"","footnotes":""},"class_list":["post-13","page","type-page","status-publish","hentry"],"_links":{"self":[{"href":"https:\/\/www.xn--logopdie-anne-zipfel-fzb.de\/index.php?rest_route=\/wp\/v2\/pages\/13","targetHints":{"allow":["GET"]}}],"collection":[{"href":"https:\/\/www.xn--logopdie-anne-zipfel-fzb.de\/index.php?rest_route=\/wp\/v2\/pages"}],"about":[{"href":"https:\/\/www.xn--logopdie-anne-zipfel-fzb.de\/index.php?rest_route=\/wp\/v2\/types\/page"}],"author":[{"embeddable":true,"href":"https:\/\/www.xn--logopdie-anne-zipfel-fzb.de\/index.php?rest_route=\/wp\/v2\/users\/1"}],"replies":[{"embeddable":true,"href":"https:\/\/www.xn--logopdie-anne-zipfel-fzb.de\/index.php?rest_route=%2Fwp%2Fv2%2Fcomments&post=13"}],"version-history":[{"count":44,"href":"https:\/\/www.xn--logopdie-anne-zipfel-fzb.de\/index.php?rest_route=\/wp\/v2\/pages\/13\/revisions"}],"predecessor-version":[{"id":837,"href":"https:\/\/www.xn--logopdie-anne-zipfel-fzb.de\/index.php?rest_route=\/wp\/v2\/pages\/13\/revisions\/837"}],"wp:attachment":[{"href":"https:\/\/www.xn--logopdie-anne-zipfel-fzb.de\/index.php?rest_route=%2Fwp%2Fv2%2Fmedia&parent=13"}],"curies":[{"name":"wp","href":"https:\/\/api.w.org\/{rel}","templated":true}]}}