{"id":11,"date":"2020-04-26T16:51:49","date_gmt":"2020-04-26T14:51:49","guid":{"rendered":"https:\/\/www.xn--logopdie-anne-zipfel-fzb.de\/WP\/home\/"},"modified":"2025-09-09T14:00:31","modified_gmt":"2025-09-09T12:00:31","slug":"home","status":"publish","type":"page","link":"https:\/\/www.xn--logopdie-anne-zipfel-fzb.de\/","title":{"rendered":"Home"},"content":{"rendered":"<p>[et_pb_section fb_built=&#8220;1&#8243; _builder_version=&#8220;4.16&#8243; custom_margin=&#8220;-3px||||false|false&#8220; custom_margin_tablet=&#8220;&#8220; custom_margin_phone=&#8220;&#8220; custom_margin_last_edited=&#8220;on|desktop&#8220; custom_padding=&#8220;0px||0px||false|false&#8220; box_shadow_style=&#8220;preset3&#8243; box_shadow_color=&#8220;rgba(0,0,0,0.16)&#8220; global_colors_info=&#8220;{}&#8220;][et_pb_row custom_padding_last_edited=&#8220;on|tablet&#8220; _builder_version=&#8220;4.16&#8243; width=&#8220;1352px&#8220; width_tablet=&#8220;&#8220; width_phone=&#8220;&#8220; width_last_edited=&#8220;on|desktop&#8220; max_width=&#8220;100%&#8220; max_width_last_edited=&#8220;off|desktop&#8220; module_alignment=&#8220;center&#8220; custom_margin_tablet=&#8220;-28px||||false|false&#8220; custom_margin_phone=&#8220;-12px||||false|false&#8220; custom_margin_last_edited=&#8220;on|phone&#8220; custom_padding=&#8220;6px||0px||false|false&#8220; custom_padding_tablet=&#8220;0px||0px||false|false&#8220; custom_padding_phone=&#8220;&#8220; global_colors_info=&#8220;{}&#8220;][et_pb_column type=&#8220;4_4&#8243; _builder_version=&#8220;4.16&#8243; global_colors_info=&#8220;{}&#8220;][et_pb_slider show_pagination=&#8220;off&#8220; _builder_version=&#8220;4.27.4&#8243; height=&#8220;680px&#8220; height_tablet=&#8220;375px&#8220; height_phone=&#8220;230px&#8220; height_last_edited=&#8220;on|phone&#8220; auto=&#8220;on&#8220; auto_speed=&#8220;5000&#8243; auto_ignore_hover=&#8220;on&#8220; hover_enabled=&#8220;0&#8243; global_colors_info=&#8220;{}&#8220; sticky_enabled=&#8220;0&#8243;][et_pb_slide _builder_version=&#8220;4.27.4&#8243; background_enable_color=&#8220;off&#8220; background_image=&#8220;https:\/\/www.xn--logopdie-anne-zipfel-fzb.de\/wp-content\/uploads\/2025\/09\/Bild-auf-der-Homeseite-1_edited.jpg&#8220; background_enable_image=&#8220;on&#8220; background_position=&#8220;top_center&#8220; width=&#8220;100%&#8220; max_width=&#8220;100%&#8220; global_colors_info=&#8220;{}&#8220; sticky_transition=&#8220;on&#8220;][\/et_pb_slide][et_pb_slide _builder_version=&#8220;4.27.4&#8243; background_enable_color=&#8220;off&#8220; background_image=&#8220;https:\/\/www.xn--logopdie-anne-zipfel-fzb.de\/wp-content\/uploads\/2025\/09\/Bild-auf-Homeseite-2_edited.jpg&#8220; background_enable_image=&#8220;on&#8220; hover_enabled=&#8220;0&#8243; global_colors_info=&#8220;{}&#8220; sticky_transition=&#8220;on&#8220; background_position=&#8220;top_center&#8220; background_vertical_offset=&#8220;11%&#8220; sticky_enabled=&#8220;0&#8243;][\/et_pb_slide][et_pb_slide _builder_version=&#8220;4.27.4&#8243; background_enable_color=&#8220;off&#8220; background_image=&#8220;https:\/\/www.xn--logopdie-anne-zipfel-fzb.de\/wp-content\/uploads\/2025\/09\/Bild-auf-Homeseite-3_edited.jpg&#8220; background_enable_image=&#8220;on&#8220; global_colors_info=&#8220;{}&#8220; sticky_transition=&#8220;on&#8220;][\/et_pb_slide][et_pb_slide _builder_version=&#8220;4.27.4&#8243; background_image=&#8220;https:\/\/www.xn--logopdie-anne-zipfel-fzb.de\/wp-content\/uploads\/2025\/09\/Bild-auf-Homeseite-4_edited.jpg&#8220; background_enable_image=&#8220;on&#8220; background_position=&#8220;top_center&#8220; global_colors_info=&#8220;{}&#8220; sticky_transition=&#8220;on&#8220;][\/et_pb_slide][et_pb_slide _builder_version=&#8220;4.27.4&#8243; background_image=&#8220;https:\/\/www.xn--logopdie-anne-zipfel-fzb.de\/wp-content\/uploads\/2025\/09\/Bild-auf-der-Homeseite-5_edited.jpg&#8220; background_enable_image=&#8220;on&#8220; background_position=&#8220;top_center&#8220; background_vertical_offset=&#8220;23%&#8220; global_colors_info=&#8220;{}&#8220; sticky_transition=&#8220;on&#8220;][\/et_pb_slide][\/et_pb_slider][\/et_pb_column][\/et_pb_row][\/et_pb_section][et_pb_section fb_built=&#8220;1&#8243; admin_label=&#8220;Section&#8220; _builder_version=&#8220;4.27.4&#8243; background_color=&#8220;rgba(147,147,147,0)&#8220; transform_scale_tablet=&#8220;&#8220; transform_scale_phone=&#8220;&#8220; transform_scale_last_edited=&#8220;on|desktop&#8220; transform_translate_tablet=&#8220;0px|-6px&#8220; transform_translate_phone=&#8220;0px|-7px&#8220; transform_translate_last_edited=&#8220;on|desktop&#8220; transform_rotate_tablet=&#8220;&#8220; transform_rotate_phone=&#8220;&#8220; transform_rotate_last_edited=&#8220;on|tablet&#8220; transform_skew_tablet=&#8220;&#8220; transform_skew_phone=&#8220;&#8220; transform_skew_last_edited=&#8220;on|tablet&#8220; transform_origin_tablet=&#8220;&#8220; transform_origin_phone=&#8220;&#8220; transform_origin_last_edited=&#8220;on|tablet&#8220; transform_styles_last_edited=&#8220;on|desktop&#8220; positioning=&#8220;absolute&#8220; z_index=&#8220;80&#8243; vertical_offset_tablet=&#8220;&#8220; vertical_offset_phone=&#8220;&#8220; vertical_offset_last_edited=&#8220;on|tablet&#8220; custom_margin=&#8220;30px||-300px||false|false&#8220; custom_margin_tablet=&#8220;-330px||||false|false&#8220; custom_margin_phone=&#8220;-219px||||false|false&#8220; custom_margin_last_edited=&#8220;on|desktop&#8220; custom_padding=&#8220;0px||0px||true|false&#8220; transform_styles_tablet=&#8220;&#8220; transform_styles_phone=&#8220;&#8220; global_colors_info=&#8220;{}&#8220;][et_pb_row _builder_version=&#8220;4.16&#8243; global_colors_info=&#8220;{}&#8220;][et_pb_column type=&#8220;4_4&#8243; _builder_version=&#8220;4.16&#8243; global_colors_info=&#8220;{}&#8220;][et_pb_image src=&#8220;https:\/\/www.xn--logopdie-anne-zipfel-fzb.de\/wp-content\/uploads\/2020\/04\/864.png&#8220; title_text=&#8220;864&#8243; _builder_version=&#8220;4.16&#8243; positioning=&#8220;relative&#8220; position_origin_r=&#8220;top_right&#8220; vertical_offset=&#8220;-50px&#8220; horizontal_offset=&#8220;163px&#8220; width=&#8220;38%&#8220; max_width=&#8220;100%&#8220; min_height=&#8220;100px&#8220; height=&#8220;243px&#8220; max_height=&#8220;1000px&#8220; global_colors_info=&#8220;{}&#8220;][\/et_pb_image][\/et_pb_column][\/et_pb_row][\/et_pb_section][et_pb_section fb_built=&#8220;1&#8243; _builder_version=&#8220;4.16&#8243; background_image=&#8220;https:\/\/www.xn--logopdie-anne-zipfel-fzb.de\/wp-content\/uploads\/2020\/04\/591.png&#8220; custom_margin=&#8220;31px||||false|false&#8220; custom_padding=&#8220;0px||0px|||&#8220; global_colors_info=&#8220;{}&#8220;][et_pb_row column_structure=&#8220;1_3,1_3,1_3&#8243; use_custom_gutter=&#8220;on&#8220; module_class=&#8220; et_pb_row_fullwidth&#8220; _builder_version=&#8220;4.16&#8243; width_tablet=&#8220;80%&#8220; width_phone=&#8220;&#8220; width_last_edited=&#8220;on|desktop&#8220; max_width_tablet=&#8220;80%&#8220; max_width_phone=&#8220;&#8220; max_width_last_edited=&#8220;on|desktop&#8220; make_fullwidth=&#8220;on&#8220; global_colors_info=&#8220;{}&#8220;][et_pb_column type=&#8220;1_3&#8243; _builder_version=&#8220;4.16&#8243; custom_padding=&#8220;|||&#8220; global_colors_info=&#8220;{}&#8220; custom_padding__hover=&#8220;|||&#8220;][et_pb_image src=&#8220;https:\/\/www.xn--logopdie-anne-zipfel-fzb.de\/wp-content\/uploads\/2020\/04\/1903-e1587976942342.jpg&#8220; title_text=&#8220;1903&#8243; show_bottom_space=&#8220;off&#8220; align_tablet=&#8220;center&#8220; align_phone=&#8220;&#8220; align_last_edited=&#8220;on|desktop&#8220; _builder_version=&#8220;4.16&#8243; border_width_all=&#8220;4px&#8220; border_color_all=&#8220;#ffffff&#8220; box_shadow_style=&#8220;preset1&#8243; always_center_on_mobile=&#8220;on&#8220; global_colors_info=&#8220;{}&#8220;][\/et_pb_image][et_pb_image src=&#8220;https:\/\/www.xn--logopdie-anne-zipfel-fzb.de\/wp-content\/uploads\/2020\/04\/674.png&#8220; title_text=&#8220;674&#8243; url=&#8220;https:\/\/www.logop\u00e4die-anne-zipfel.de\/unsere-praxis\/&#8220; show_bottom_space=&#8220;off&#8220; align_tablet=&#8220;center&#8220; align_phone=&#8220;&#8220; align_last_edited=&#8220;on|desktop&#8220; admin_label=&#8220;Image on hover&#8220; module_class=&#8220;ds-advent-6-image-swap&#8220; _builder_version=&#8220;4.16&#8243; always_center_on_mobile=&#8220;on&#8220; global_colors_info=&#8220;{}&#8220;][\/et_pb_image][\/et_pb_column][et_pb_column type=&#8220;1_3&#8243; _builder_version=&#8220;4.16&#8243; custom_padding=&#8220;|||&#8220; global_colors_info=&#8220;{}&#8220; custom_padding__hover=&#8220;|||&#8220;][et_pb_image src=&#8220;https:\/\/www.xn--logopdie-anne-zipfel-fzb.de\/wp-content\/uploads\/2020\/04\/1904-e1587976900946.jpg&#8220; title_text=&#8220;1904&#8243; url=&#8220;https:\/\/www.logop\u00e4die-anne-zipfel.de\/leistungsspektrum\/&#8220; show_bottom_space=&#8220;off&#8220; align_tablet=&#8220;center&#8220; align_phone=&#8220;&#8220; align_last_edited=&#8220;on|desktop&#8220; _builder_version=&#8220;4.16&#8243; border_width_all=&#8220;4px&#8220; border_color_all=&#8220;#ffffff&#8220; box_shadow_style=&#8220;preset1&#8243; always_center_on_mobile=&#8220;on&#8220; global_colors_info=&#8220;{}&#8220;][\/et_pb_image][et_pb_image src=&#8220;https:\/\/www.xn--logopdie-anne-zipfel-fzb.de\/wp-content\/uploads\/2020\/04\/03-hover.png&#8220; title_text=&#8220;03-hover&#8220; url=&#8220;https:\/\/www.logop\u00e4die-anne-zipfel.de\/leistungsspektrum\/&#8220; show_bottom_space=&#8220;off&#8220; align_tablet=&#8220;center&#8220; align_phone=&#8220;&#8220; align_last_edited=&#8220;on|desktop&#8220; admin_label=&#8220;Image on hover&#8220; module_class=&#8220;ds-advent-6-image-swap&#8220; _builder_version=&#8220;4.16&#8243; always_center_on_mobile=&#8220;on&#8220; global_colors_info=&#8220;{}&#8220;][\/et_pb_image][\/et_pb_column][et_pb_column type=&#8220;1_3&#8243; _builder_version=&#8220;4.16&#8243; custom_padding=&#8220;|||&#8220; global_colors_info=&#8220;{}&#8220; custom_padding__hover=&#8220;|||&#8220;][et_pb_image src=&#8220;https:\/\/www.xn--logopdie-anne-zipfel-fzb.de\/wp-content\/uploads\/2020\/04\/1905-e1587976866416.jpg&#8220; title_text=&#8220;1905&#8243; show_bottom_space=&#8220;off&#8220; align_tablet=&#8220;center&#8220; align_phone=&#8220;&#8220; align_last_edited=&#8220;on|desktop&#8220; _builder_version=&#8220;4.16&#8243; border_width_all=&#8220;4px&#8220; border_color_all=&#8220;#ffffff&#8220; box_shadow_style=&#8220;preset1&#8243; always_center_on_mobile=&#8220;on&#8220; global_colors_info=&#8220;{}&#8220;][\/et_pb_image][et_pb_image src=&#8220;https:\/\/www.xn--logopdie-anne-zipfel-fzb.de\/wp-content\/uploads\/2020\/04\/02-hover.png&#8220; title_text=&#8220;02-hover&#8220; url=&#8220;https:\/\/www.logop\u00e4die-anne-zipfel.de\/kontakt\/&#8220; show_bottom_space=&#8220;off&#8220; align_tablet=&#8220;center&#8220; align_phone=&#8220;&#8220; align_last_edited=&#8220;on|desktop&#8220; admin_label=&#8220;Image on hover&#8220; module_class=&#8220;ds-advent-6-image-swap&#8220; _builder_version=&#8220;4.16&#8243; always_center_on_mobile=&#8220;on&#8220; global_colors_info=&#8220;{}&#8220;][\/et_pb_image][\/et_pb_column][\/et_pb_row][et_pb_row _builder_version=&#8220;4.16&#8243; custom_padding=&#8220;0px||0px||true|false&#8220; global_colors_info=&#8220;{}&#8220;][et_pb_column type=&#8220;4_4&#8243; _builder_version=&#8220;4.16&#8243; global_colors_info=&#8220;{}&#8220;][et_pb_code _builder_version=&#8220;4.16&#8243; global_colors_info=&#8220;{}&#8220;]<\/p>\n<style><!-- [et_pb_line_break_holder] --><!-- [et_pb_line_break_holder] --><!-- [et_pb_line_break_holder] -->\/***Effect 3 - Image swap on hover***\/<!-- [et_pb_line_break_holder] --><!-- [et_pb_line_break_holder] --><!-- [et_pb_line_break_holder] -->\/*Position the image to be shown on hover*\/<!-- [et_pb_line_break_holder] --><!-- [et_pb_line_break_holder] -->.ds-advent-6-image-swap {<!-- [et_pb_line_break_holder] -->    position: absolute;<!-- [et_pb_line_break_holder] -->    top: 0;<!-- [et_pb_line_break_holder] -->    left: 0;<!-- [et_pb_line_break_holder] -->    opacity: 0;<!-- [et_pb_line_break_holder] -->    -webkit-transition: all 1s ease-in-out;<!-- [et_pb_line_break_holder] -->    transition: all 1s ease-in-out;<!-- [et_pb_line_break_holder] -->}<!-- [et_pb_line_break_holder] --><!-- [et_pb_line_break_holder] --><!-- [et_pb_line_break_holder] -->\/*Show the image on hover*\/<!-- [et_pb_line_break_holder] --><!-- [et_pb_line_break_holder] -->.ds-advent-6-image-swap:hover {<!-- [et_pb_line_break_holder] -->    opacity: 1;<!-- [et_pb_line_break_holder] -->}<!-- [et_pb_line_break_holder] --><!-- [et_pb_line_break_holder] -->\/***End Effect 3 - Image swap on hover***\/<!-- [et_pb_line_break_holder] --><!-- [et_pb_line_break_holder] -->\/*************Advent Calendar 2017 - 6*************\/<!-- [et_pb_line_break_holder] -->\/***End - Three to Edit Easy Image Hover Effects***\/<!-- [et_pb_line_break_holder] -->\/******************By Divi Soup********************\/<!-- [et_pb_line_break_holder] --><\/style>\n<p>[\/et_pb_code][\/et_pb_column][\/et_pb_row][et_pb_row _builder_version=&#8220;4.16&#8243; global_colors_info=&#8220;{}&#8220;][et_pb_column type=&#8220;4_4&#8243; _builder_version=&#8220;4.16&#8243; global_colors_info=&#8220;{}&#8220;][et_pb_text _builder_version=&#8220;4.16&#8243; header_text_align=&#8220;center&#8220; header_text_color=&#8220;#656e33&#8243; header_font_size=&#8220;28px&#8220; global_colors_info=&#8220;{}&#8220;]<\/p>\n<h1>Herzlich Willkommen in unserer Praxis<\/h1>\n<p>[\/et_pb_text][et_pb_text _builder_version=&#8220;4.16&#8243; global_colors_info=&#8220;{}&#8220;]<img loading=\"lazy\" decoding=\"async\" src=\"https:\/\/www.xn--logopdie-anne-zipfel-fzb.de\/wp-content\/uploads\/2020\/04\/495.png\" alt=\"\" class=\"wp-image-181 alignnone size-full\" width=\"31\" height=\"24\">&nbsp;In unserer logop\u00e4dischen Praxis behandeln wir, auf Rezept von ihrem Arzt, alle Arten von Sprach-, Sprech-, Stimm- und Schluckst\u00f6rungen bei Kindern, Jugendlichen, Erwachsenen und Senioren.<\/p>\n<p>Wir arbeiten eng mit Kieferorthop\u00e4den, Allgemein-, HNO- und Kinder\u00e4rzten, sowie der AWO Fr\u00fchf\u00f6rderstelle in Wurzen zusammen. Denn nur so ist der Erfolg einer logop\u00e4dischen Therapie nachhaltig zu erreichen.<\/p>\n<p>Die Kosten einer logop\u00e4dischen Therapie werden durch die Krankenkassen \u00fcbernommen.<\/p>\n<p>Sehr gerne kommen wir auch zu Ihnen nach Hause und f\u00fchren einen Hausbesuch durch. Dieser muss allerdings von Ihrem Arzt verschrieben sein.[\/et_pb_text][\/et_pb_column][\/et_pb_row][\/et_pb_section]<\/p>\n","protected":false},"excerpt":{"rendered":"<p>Herzlich Willkommen in unserer Praxis&nbsp;In unserer logop\u00e4dischen Praxis behandeln wir, auf Rezept von ihrem Arzt, alle Arten von Sprach-, Sprech-, Stimm- und Schluckst\u00f6rungen bei Kindern, Jugendlichen, Erwachsenen und Senioren. Wir arbeiten eng mit Kieferorthop\u00e4den, Allgemein-, HNO- und Kinder\u00e4rzten, sowie der AWO Fr\u00fchf\u00f6rderstelle in Wurzen zusammen. Denn nur so ist der Erfolg einer logop\u00e4dischen Therapie nachhaltig [&hellip;]<\/p>\n","protected":false},"author":1,"featured_media":0,"parent":0,"menu_order":0,"comment_status":"closed","ping_status":"closed","template":"","meta":{"_et_pb_use_builder":"on","_et_pb_old_content":"","_et_gb_content_width":"","footnotes":""},"class_list":["post-11","page","type-page","status-publish","hentry"],"_links":{"self":[{"href":"https:\/\/www.xn--logopdie-anne-zipfel-fzb.de\/index.php?rest_route=\/wp\/v2\/pages\/11","targetHints":{"allow":["GET"]}}],"collection":[{"href":"https:\/\/www.xn--logopdie-anne-zipfel-fzb.de\/index.php?rest_route=\/wp\/v2\/pages"}],"about":[{"href":"https:\/\/www.xn--logopdie-anne-zipfel-fzb.de\/index.php?rest_route=\/wp\/v2\/types\/page"}],"author":[{"embeddable":true,"href":"https:\/\/www.xn--logopdie-anne-zipfel-fzb.de\/index.php?rest_route=\/wp\/v2\/users\/1"}],"replies":[{"embeddable":true,"href":"https:\/\/www.xn--logopdie-anne-zipfel-fzb.de\/index.php?rest_route=%2Fwp%2Fv2%2Fcomments&post=11"}],"version-history":[{"count":57,"href":"https:\/\/www.xn--logopdie-anne-zipfel-fzb.de\/index.php?rest_route=\/wp\/v2\/pages\/11\/revisions"}],"predecessor-version":[{"id":825,"href":"https:\/\/www.xn--logopdie-anne-zipfel-fzb.de\/index.php?rest_route=\/wp\/v2\/pages\/11\/revisions\/825"}],"wp:attachment":[{"href":"https:\/\/www.xn--logopdie-anne-zipfel-fzb.de\/index.php?rest_route=%2Fwp%2Fv2%2Fmedia&parent=11"}],"curies":[{"name":"wp","href":"https:\/\/api.w.org\/{rel}","templated":true}]}}